{"id":135,"date":"2026-02-22T11:38:42","date_gmt":"2026-02-22T10:38:42","guid":{"rendered":"http:\/\/xn--tsv-negernbtel-5pb.de\/?page_id=135"},"modified":"2026-02-22T12:00:17","modified_gmt":"2026-02-22T11:00:17","slug":"line-dance","status":"publish","type":"page","link":"http:\/\/xn--tsv-negernbtel-5pb.de\/?page_id=135","title":{"rendered":"Line Dance"},"content":{"rendered":"\n<figure style=\"font-size:15px\" class=\"wp-block-table\"><table class=\"has-fixed-layout\"><tbody><tr><td>Leitung:<\/td><td>Michael Siems<\/td><\/tr><tr><td>Wo:<\/td><td>Hamb\u00f6tler Huus<\/td><\/tr><tr><td>Wann:<\/td><td>Donnerstag 19:00 Uhr<\/td><\/tr><\/tbody><\/table><\/figure>\n\n\n\n<figure class=\"wp-block-image aligncenter size-full is-resized\"><img loading=\"lazy\" decoding=\"async\" width=\"200\" height=\"300\" src=\"http:\/\/xn--tsv-negernbtel-5pb.de\/wp-content\/uploads\/2026\/02\/IMG_5921.jpg\" alt=\"\" class=\"wp-image-19\" style=\"width:145px;height:auto\"\/><\/figure>\n\n\n\n<hr class=\"wp-block-separator has-alpha-channel-opacity is-style-wide\"\/>\n\n\n\n<p style=\"font-size:15px\">Die Country Linedancer tanzen seit 2017 in Negernb\u00f6tel. Wir w\u00fcrden uns \u00fcber Verst\u00e4rkung riesig freuen! Die erste halbe Stunde ist extra f\u00fcr unsere \u201eNeuen\u201c reserviert. Hier erlernt Ihr Grundschritte und die ersten Anf\u00e4ngert\u00e4nze. Ab 19:30 Uhr tanzen wir dann alle gemeinsam!<\/p>\n\n\n\n<figure class=\"wp-block-image aligncenter size-full is-resized\"><img loading=\"lazy\" decoding=\"async\" width=\"475\" height=\"517\" src=\"http:\/\/xn--tsv-negernbtel-5pb.de\/wp-content\/uploads\/2026\/02\/Linedance.jpg\" alt=\"\" class=\"wp-image-22\" style=\"aspect-ratio:0.9188062190981117;width:211px;height:auto\" srcset=\"http:\/\/xn--tsv-negernbtel-5pb.de\/wp-content\/uploads\/2026\/02\/Linedance.jpg 475w, http:\/\/xn--tsv-negernbtel-5pb.de\/wp-content\/uploads\/2026\/02\/Linedance-276x300.jpg 276w\" sizes=\"auto, (max-width: 475px) 100vw, 475px\" \/><\/figure>\n\n\n\n<p style=\"font-size:15px\">Was ist Linedance?<\/p>\n\n\n\n<p style=\"font-size:15px\">Linedance ist eine eigenst\u00e4ndige Tanzart. Man tanzt \u201ein the Line\u201c also in einer Linie, beziehungsweise bei vielen T\u00e4nzern in meheren Reihen hintereinander \/ nebeneinander. Diese Art zu tanzen&nbsp;<u>erfordert keinen Partner<\/u>, die Gruppe ist der Partner. Hier gibt es eine eigene Terminologie und spezielle Schrittmuster. Die Schrittfolgen werden zu einer bestimmten Anzahl von Takten getanzt und wiederholen sich regelm\u00e4\u00dfig, h\u00e4ufig mit einem oder mehreren Richtungs\u00e4nderungen.&nbsp;<u>Linedance ist f\u00fcr jede Altersstufe geeignet<\/u>. Die Hauptsache ist, man hat Freude am Tanzen und h\u00f6rt gern Musik.<\/p>\n\n\n\n<p><\/p>\n","protected":false},"excerpt":{"rendered":"<p>Leitung: Michael Siems Wo: Hamb\u00f6tler Huus Wann: Donnerstag 19:00 Uhr Die Country Linedancer tanzen seit 2017 in Negernb\u00f6tel.<\/p>\n","protected":false},"author":1,"featured_media":0,"parent":0,"menu_order":0,"comment_status":"closed","ping_status":"closed","template":"","meta":{"footnotes":""},"class_list":["post-135","page","type-page","status-publish","hentry"],"_links":{"self":[{"href":"http:\/\/xn--tsv-negernbtel-5pb.de\/index.php?rest_route=\/wp\/v2\/pages\/135","targetHints":{"allow":["GET"]}}],"collection":[{"href":"http:\/\/xn--tsv-negernbtel-5pb.de\/index.php?rest_route=\/wp\/v2\/pages"}],"about":[{"href":"http:\/\/xn--tsv-negernbtel-5pb.de\/index.php?rest_route=\/wp\/v2\/types\/page"}],"author":[{"embeddable":true,"href":"http:\/\/xn--tsv-negernbtel-5pb.de\/index.php?rest_route=\/wp\/v2\/users\/1"}],"replies":[{"embeddable":true,"href":"http:\/\/xn--tsv-negernbtel-5pb.de\/index.php?rest_route=%2Fwp%2Fv2%2Fcomments&post=135"}],"version-history":[{"count":2,"href":"http:\/\/xn--tsv-negernbtel-5pb.de\/index.php?rest_route=\/wp\/v2\/pages\/135\/revisions"}],"predecessor-version":[{"id":151,"href":"http:\/\/xn--tsv-negernbtel-5pb.de\/index.php?rest_route=\/wp\/v2\/pages\/135\/revisions\/151"}],"wp:attachment":[{"href":"http:\/\/xn--tsv-negernbtel-5pb.de\/index.php?rest_route=%2Fwp%2Fv2%2Fmedia&parent=135"}],"curies":[{"name":"wp","href":"https:\/\/api.w.org\/{rel}","templated":true}]}}